{"id":491,"date":"2023-10-24T12:10:40","date_gmt":"2023-10-24T10:10:40","guid":{"rendered":"https:\/\/autocarrozzeriastilauto.it\/?page_id=491"},"modified":"2025-11-18T18:27:51","modified_gmt":"2025-11-18T17:27:51","slug":"condizioni-uso","status":"publish","type":"page","link":"https:\/\/autocarrozzeriastilauto.it\/index.php\/condizioni-uso\/","title":{"rendered":"Condizioni uso"},"content":{"rendered":"\n<h2 class=\"wp-block-heading\">Condizioni d\u2019uso del sito e trattamento dati<\/h2>\n\n\n\n<p>Al fine di utilizzare i servizi offerti sul presente sito intestato alla Societ\u00e0 (i cui riferimenti sono indicati nella sezione \u201cContatti\u201d del sito), dovrai procedere alla registrazione mediante la scelta di una username e una password, ove richiesto, attraverso la compilazione degli eventuali campi obbligatori e fornire le informazioni personali assicurando che queste siano aggiornate, complete e veritiere. I servizi dovranno essere utilizzati esclusivamente per scopi leciti e in linea con le finalit\u00e0 del presente sito, il mancato adempimento a tale impegno potr\u00e0 renderti soggetto a responsabilit\u00e0 civile e\/o penale.<\/p>\n\n\n\n<ol class=\"wp-block-list\">\n<li>A seguito della registrazione potrai accedere a tutti o ad alcuni dei servizi presenti sul sito, assumendo la piena responsabilit\u00e0 in merito alle dichiarazioni, affermazioni ed eventuali dati inseriti o a te riconducibili indirettamente.<\/li>\n\n\n\n<li>La Societ\u00e0 non potr\u00e0 in alcun modo essere ritenuta responsabile per eventuali violazioni compiute o per domande e pretese anche risarcitorie che dovessero essere avanzate da terzi, in relazione ai contenuti da te inseriti ivi compresa la Pubblica Autorit\u00e0 e le Autorit\u00e0 di controllo in materia pubblicitaria, ferma restando la tua responsabilit\u00e0 per i danni eventualmente arrecati alla Societ\u00e0.<\/li>\n\n\n\n<li>Tutte le iniziative intraprese a seguito del consulto del presente sito saranno da te liberamente effettuate. La Societ\u00e0 non sar\u00e0 in alcun modo responsabile per eventuali interpretazioni errate e per attivit\u00e0 da te intraprese a seguito del consulto del presente sito.<\/li>\n\n\n\n<li>La Societ\u00e0 avr\u00e0 la facolt\u00e0 di interrompere e\/o di intervenire su attivit\u00e0 da te compiute attraverso il presente sito in ogni momento e senza preavviso a seguito della mancata osservanza delle presenti Condizioni.<\/li>\n\n\n\n<li>La Societ\u00e0 declina qualsiasi responsabilit\u00e0 per i contenuti immessi sul presente sito dai propri utenti, impegnandosi unicamente a provvedere alla tempestiva rimozione dei contenuti oggetto di contestazione da parte di terzi a fronte di idonea segnalazione da parte dell\u2019interessato e\/o dell\u2019autorit\u00e0 competente.<\/li>\n\n\n\n<li>Assumi, inoltre, l\u2019impegno di non distruggere, modificare o interferire in alcun modo con alcun software e\/o server del presente sito e di non impedire n\u00e9 interferire con l\u2019utilizzo dei servizi da parte di terzi. Accetti, inoltre, di non alterare n\u00e9 interferire con alcuna informazione o materiale dei servizi o ad essi associati.<\/li>\n\n\n\n<li>I servizi vengono forniti nello stato di fatto e di diritto in cui si trovano. La Societ\u00e0 esclude, pertanto, qualunque garanzia, esplicita o implicita, in relazione alla qualit\u00e0 o in merito a particolari caratteristiche dei servizi, cos\u00ec come non sar\u00e0 in alcun caso responsabile nell\u2019ipotesi in cui i servizi si rendessero indisponibili, in tutto o in parte, ovvero, per qualsiasi diversa modalit\u00e0 con la quale il servizio fosse reso. Non garantisce, inoltre, l\u2019accesso continuo, ininterrotto o sicuro al servizio, dal momento che le operazioni del presente sito possono subire l\u2019interferenza di numerosi fattori che non rientrano nelle possibilit\u00e0 di controllo della Societ\u00e0.<\/li>\n\n\n\n<li>La Societ\u00e0 si riserva il diritto di prevedere e di richiedere di accettare, di volta in volta, ulteriori condizioni di utilizzo applicabili a parti specifiche o sezioni del presente sito. Tali condizioni ulteriori saranno immesse nelle parti del presente sito a cui si riferiscono e saranno chiaramente identificabili.<\/li>\n\n\n\n<li>La Societ\u00e0 potr\u00e0 modificare le presenti Condizioni. Le modifiche saranno da intendersi accettate con l\u2019uso del sito da parte dell\u2019utente.<\/li>\n\n\n\n<li>La legge che disciplina le presenti Condizioni \u00e8 la legge italiana. Il presente accordo \u00e8 stato redatto in lingua italiana. Qualsiasi controversia che dovesse derivare dal rapporto regolato dal presente accordo verr\u00e0 devoluta alla giurisdizione ordinaria italiana.<\/li>\n\n\n\n<li>La Societ\u00e0 non garantisce che i contenuti del presente sito siano appropriati o leciti in altri paesi. L\u2019eventuale invalidit\u00e0, nullit\u00e0 o inefficacia di uno o pi\u00f9 delle presenti Condizioni ove accettate, non determiner\u00e0 l\u2019invalidit\u00e0, inefficacia o nullit\u00e0 delle restanti clausole che resteranno valide ed efficaci.<\/li>\n<\/ol>\n\n\n\n<p><strong><em>INFORMATIVA AI SENSI DELL\u2019ART 13 D.LGS. 30 GIUGNO 2003 N. 196 E ARTT. 13 E 14 REGOLAMENTO UE 2016\/679 (di seguito anche \u201cGDPR\u201d)<\/em><\/strong><\/p>\n\n\n\n<p>In questa pagina vengono descritte le modalit\u00e0 di gestione del presente sito con riferimento al trattamento dei dati personali degli utenti che completano il form di contatto.<br>La Societ\u00e0, i cui dati sono indicati nel&nbsp;<em>footer&nbsp;<\/em>del presente sito, \u00e8 Titolare del Trattamento dati.<\/p>\n\n\n\n<ol class=\"wp-block-list\">\n<li><strong>Fonte dei dati personali<\/strong><br>La Societ\u00e0 tratta, in qualit\u00e0 di autonomo titolare, i dati da te espressamente e volontariamente inseriti attraverso la compilazione, tramite canale telematico, del form di contatto.<\/li>\n\n\n\n<li><strong>Base Giuridica e Finalit\u00e0 del Trattamento&nbsp;<\/strong>Il trattamento dei tuoi dati \u00e8 necessario all\u2019esecuzione di misure precontrattuali. I tuoi dati verranno, pertanto, trattati dalla Societ\u00e0 per finalit\u00e0 connesse o strumentali alle tue richieste. Con l\u2019inserimento dei dati per soddisfare le tue richieste, accetti di ricevere materiale informativo e comunicazioni commerciali dalla Societ\u00e0, attraverso modalit\u00e0 di contatto tradizionali (tramite chiamate telefoniche) o automatizzate (sms, e-mail). Il trattamento dei tuoi dati costituisce interesse legittimo della Societ\u00e0 ai sensi e per gli effetti dell\u2019art. 6 comma 1 lett f) e considerando 47 del GDPR. Il tuo consenso \u00e8 facoltativo, tuttavia in caso di mancato inserimento dei campi contrassegnati come obbligatori (*), le tue richieste non potranno essere soddisfatte.<\/li>\n\n\n\n<li><strong>Durata del trattamento<\/strong>Il trattamento avr\u00e0 una durata non superiore a quella necessaria per le finalit\u00e0 per le quali i dati sono stati raccolti. I dati raccolti per l\u2019invio di comunicazioni commerciali saranno conservati per un periodo non superiore ai 24 mesi.<\/li>\n\n\n\n<li><strong>Modalit\u00e0 di trattamento dei dati<\/strong>Il trattamento dei dati personali viene effettuato manualmente e con strumenti elettronici, con logiche strettamente correlate alle finalit\u00e0 sopra indicate e, comunque, in modo da garantire la sicurezza e la riservatezza dei dati stessi.<\/li>\n\n\n\n<li><strong>Soggetti ai quali i dati possono essere comunicati<\/strong>La Societ\u00e0 pu\u00f2 comunicare i dati personali conferiti ai soggetti che svolgono a favore della Societ\u00e0 attivit\u00e0 di assistenza e consulenza professionale, necessaria per l\u2019erogazione dei servizi presenti sul sito e per soddisfare le tue richieste. I soggetti appartenenti alle predette categorie, ai quali i dati possono essere comunicati, utilizzeranno i dati in qualit\u00e0 di \u201cTitolari\u201d, ovvero in qualit\u00e0 di \u201cResponsabili\u201d di specifiche operazioni di trattamento che rientrano nelle prestazioni contrattuali che i soggetti medesimi eseguono a favore della Societ\u00e0. Possono venire a conoscenza dei dati, in qualit\u00e0 di \u201cResponsabili\u201d o di \u201cIncaricati\u201d anche i dipendenti e i collaboratori della Societ\u00e0.<\/li>\n\n\n\n<li><strong>Diritti dell\u2019interessato<\/strong>Avrai diritto di ottenere dalla Societ\u00e0, in qualit\u00e0 di Titolare del Trattamento, la conferma dell\u2019esistenza o meno di dati personali che ti riguardano e la loro comunicazione in un formato strutturato, di uso comune, comprensibile e leggibile da dispositivo automatico; l\u2019indicazione dell\u2019origine dei dati personali, delle finalit\u00e0 e modalit\u00e0 del trattamento, della logica applicata, in caso di trattamento effettuato con l\u2019ausilio di strumenti elettronici, nonch\u00e9 dei soggetti o delle categorie di soggetti ai quali i dati personali possono essere comunicati o che possono venirne a conoscenza in qualit\u00e0 di Responsabili o Incaricati; avrai, inoltre, diritto alla cancellazione, alla trasformazione in forma anonima o al blocco dei dati trattati in violazione di legge, alla portabilit\u00e0 dei tuoi dati, nonch\u00e9 l\u2019aggiornamento, la rettificazione, la limitazione ovvero, qualora tu lo richieda, l\u2019integrazione o di ricevere una copia dei dati oggetto di trattamento. Avrai inoltre diritto a proporre reclamo davanti al Garante Privacy.<br>Per qualsiasi comunicazione inerente il trattamento dei tuoi dati personali da parte della Societ\u00e0 potrai contattare la stessa ai recapiti indicati sul presente sito.<\/li>\n<\/ol>\n","protected":false},"excerpt":{"rendered":"<p>Condizioni d\u2019uso del sito e trattamento dati Al fine di utilizzare i servizi offerti sul [&hellip;]<\/p>\n","protected":false},"author":1,"featured_media":0,"parent":0,"menu_order":0,"comment_status":"closed","ping_status":"closed","template":"page-no-title","meta":{"footnotes":""},"class_list":["post-491","page","type-page","status-publish","hentry"],"_links":{"self":[{"href":"https:\/\/autocarrozzeriastilauto.it\/index.php\/wp-json\/wp\/v2\/pages\/491","targetHints":{"allow":["GET"]}}],"collection":[{"href":"https:\/\/autocarrozzeriastilauto.it\/index.php\/wp-json\/wp\/v2\/pages"}],"about":[{"href":"https:\/\/autocarrozzeriastilauto.it\/index.php\/wp-json\/wp\/v2\/types\/page"}],"author":[{"embeddable":true,"href":"https:\/\/autocarrozzeriastilauto.it\/index.php\/wp-json\/wp\/v2\/users\/1"}],"replies":[{"embeddable":true,"href":"https:\/\/autocarrozzeriastilauto.it\/index.php\/wp-json\/wp\/v2\/comments?post=491"}],"version-history":[{"count":2,"href":"https:\/\/autocarrozzeriastilauto.it\/index.php\/wp-json\/wp\/v2\/pages\/491\/revisions"}],"predecessor-version":[{"id":508,"href":"https:\/\/autocarrozzeriastilauto.it\/index.php\/wp-json\/wp\/v2\/pages\/491\/revisions\/508"}],"wp:attachment":[{"href":"https:\/\/autocarrozzeriastilauto.it\/index.php\/wp-json\/wp\/v2\/media?parent=491"}],"curies":[{"name":"wp","href":"https:\/\/api.w.org\/{rel}","templated":true}]}}